{"id":1,"date":"2019-09-05T08:43:56","date_gmt":"2019-09-05T08:43:56","guid":{"rendered":"https:\/\/francois.cl\/?p=1"},"modified":"2025-03-16T02:50:19","modified_gmt":"2025-03-16T02:50:19","slug":"inicio","status":"publish","type":"page","link":"https:\/\/francois.cl\/","title":{"rendered":"INICIO"},"content":{"rendered":"<div>\n<div id=\"metaslider-id-1274\" style=\"width: 100%; margin: 0 auto;\" class=\"ml-slider-3-95-0 metaslider metaslider-flex metaslider-1274 ml-slider ms-theme-cubic nav-hidden\" role=\"region\" aria-roledescription=\"Slideshow\" aria-label=\"Nueva presentaci\u00f3n de diapositivas\">\n    <div id=\"metaslider_container_1274\">\n        <div id=\"metaslider_1274\">\n            <ul class='slides'>\n                <li style=\"display: block; width: 100%;\" class=\"slide-1277 ms-image \" aria-roledescription=\"slide\" aria-label=\"slide-1277\"><img loading=\"lazy\" decoding=\"async\" src=\"https:\/\/francois.cl\/wp-content\/uploads\/2025\/03\/francoisweb-3-scaled-2560x1280.jpg\" height=\"2000\" width=\"4000\" alt=\"\" class=\"slider-1274 slide-1277\" title=\"francoisweb -3\" \/><\/li>\n                <li style=\"display: none; width: 100%;\" class=\"slide-1404 ms-image \" aria-roledescription=\"slide\" aria-label=\"slide-1404\"><img loading=\"lazy\" decoding=\"async\" src=\"https:\/\/francois.cl\/wp-content\/uploads\/2025\/03\/francoisweb-7-scaled-2560x1280.jpg\" height=\"2000\" width=\"4000\" alt=\"\" class=\"slider-1274 slide-1404\" title=\"francoisweb -7\" \/><\/li>\n                <li style=\"display: none; width: 100%;\" class=\"slide-1276 ms-image \" aria-roledescription=\"slide\" aria-label=\"slide-1276\"><img loading=\"lazy\" decoding=\"async\" src=\"https:\/\/francois.cl\/wp-content\/uploads\/2025\/03\/francoisweb-corre-5-scaled-2560x1280.jpg\" height=\"2000\" width=\"4000\" alt=\"\" class=\"slider-1274 slide-1276\" title=\"francoisweb corre-5\" \/><\/li>\n                <li style=\"display: none; width: 100%;\" class=\"slide-1275 ms-image \" aria-roledescription=\"slide\" aria-label=\"slide-1275\"><img loading=\"lazy\" decoding=\"async\" src=\"https:\/\/francois.cl\/wp-content\/uploads\/2025\/03\/francoisweb-8-scaled-2560x1280.jpg\" height=\"2000\" width=\"4000\" alt=\"\" class=\"slider-1274 slide-1275\" title=\"francoisweb -8\" \/><\/li>\n                <li style=\"display: none; width: 100%;\" class=\"slide-1368 ms-image \" aria-roledescription=\"slide\" aria-label=\"slide-1368\"><img loading=\"lazy\" decoding=\"async\" src=\"https:\/\/francois.cl\/wp-content\/uploads\/2025\/03\/francoisweb-1-scaled-2560x1280.jpg\" height=\"2000\" width=\"4000\" alt=\"\" class=\"slider-1274 slide-1368\" title=\"francoisweb -1\" \/><\/li>\n                <li style=\"display: none; width: 100%;\" class=\"slide-1405 ms-image \" aria-roledescription=\"slide\" aria-label=\"slide-1405\"><img loading=\"lazy\" decoding=\"async\" src=\"https:\/\/francois.cl\/wp-content\/uploads\/2025\/03\/francoisweb-2-scaled-2560x1280.jpg\" height=\"2000\" width=\"4000\" alt=\"\" class=\"slider-1274 slide-1405\" title=\"francoisweb -2\" \/><\/li>\n            <\/ul>\n        <\/div>\n        \n    <\/div>\n<\/div><\/div>\n<p><img decoding=\"async\" src=\"\/wp-content\/uploads\/2024\/10\/MarcaFrancoisweb2.png\" alt=\"\"><\/p>\n<div>\n<h4 class=\"p1\" style=\"text-align: center;\"><strong>En Fran\u00e7ois, llevamos la esencia del sur de Chile a cada bocado. Combinamos tradici\u00f3n e innovaci\u00f3n para ofrecer pasteler\u00eda \u00fanica, con opciones cl\u00e1sicas, sin az\u00facar y veganas.<\/strong><\/h4>\n<h4 class=\"p1\" style=\"text-align: center;\"><strong>Usamos ingredientes locales y t\u00e9cnicas artesanales para crear sabores inigualables que solo encontrar\u00e1s aqu\u00ed. M\u00e1s que una pasteler\u00eda, somos un espacio donde la calidad y la pasi\u00f3n se transforman en dulces inolvidables.<\/strong><\/h4>\n<h4 class=\"p1\" style=\"text-align: center;\"><strong>Ven a conocernos y descubre el verdadero sabor del sur.<\/p>\n<p><\/strong><\/h4>\n<\/div>\n<div>Nuestros Productos<\/div>\n<ul>\n<li>\n<p>        <img decoding=\"async\" src=\"\/wp-content\/uploads\/2025\/03\/pfran-97-scaled.jpg\" alt=\"\"><\/p>\n<\/li>\n<li>\n<p>        <img decoding=\"async\" src=\"\/wp-content\/uploads\/2025\/03\/pfran-6-scaled.jpg\" alt=\"\"><\/p>\n<\/li>\n<li>\n<p>        <img decoding=\"async\" src=\"\/wp-content\/uploads\/2025\/03\/pfran-79-scaled.jpg\" alt=\"\"><\/p>\n<\/li>\n<li>\n<p>        <img decoding=\"async\" src=\"\/wp-content\/uploads\/2025\/03\/pfran-179-scaled.jpg\" alt=\"\"><\/p>\n<\/li>\n<li>\n<p>        <img decoding=\"async\" src=\"\/wp-content\/uploads\/2025\/03\/pfran-5-scaled.jpg\" alt=\"\"><\/p>\n<\/li>\n<li>\n<p>        <img decoding=\"async\" src=\"\/wp-content\/uploads\/2025\/03\/pfran-188-scaled.jpg\" alt=\"\"><\/p>\n<\/li>\n<li>\n<p>        <img decoding=\"async\" src=\"\/wp-content\/uploads\/2025\/03\/pfran-23-scaled.jpg\" alt=\"\"><\/p>\n<\/li>\n<li>\n<p>        <img decoding=\"async\" src=\"\/wp-content\/uploads\/2025\/03\/pfran-103-scaled.jpg\" alt=\"\"><\/p>\n<\/li>\n<li>\n<p>        <img decoding=\"async\" src=\"\/wp-content\/uploads\/2025\/03\/pfran-9-scaled.jpg\" alt=\"\"><\/p>\n<\/li>\n<\/ul>\n<div>Nuestras Tiendas<\/div>\n<div>\n<p>        <img decoding=\"async\" src=\"\/wp-content\/uploads\/2025\/03\/pfran-169-scaled.jpg\" alt=\"\"><\/p>\n<h3>Santiago <\/h3>\n<p><a href=\"https:\/\/santiago.francois.cl\/\"><\/a><\/p>\n<\/div>\n<div>\n<p>        <img decoding=\"async\" src=\"\/wp-content\/uploads\/2025\/03\/pfran-148-scaled.jpg\" alt=\"\"><\/p>\n<h3>Puerto Varas<\/h3>\n<p><a href=\"https:\/\/puertovaras.francois.cl\/\"><\/a><\/p>\n<\/div>\n<p><img decoding=\"async\" src=\"\/wp-content\/uploads\/yootheme\/home-video.jpg\" alt=\"\"><\/p>\n<p>\n    <a href=\"\/wp-content\/uploads\/yootheme\/home-video.mp4\">Play Video<\/a>\n<\/p>\n<div>Contactese con Nosotros<\/div>\n<div>\n<div class=\"wpforms-container wpforms-container-full wpforms-render-modern\" id=\"wpforms-1308\"><form id=\"wpforms-form-1308\" class=\"wpforms-validate wpforms-form wpforms-ajax-form\" data-formid=\"1308\" method=\"post\" enctype=\"multipart\/form-data\" action=\"\/index.php?rest_route=%2Fwp%2Fv2%2Fpages%2F1\" data-token=\"88c967d75097284b328b15d1274576e6\" data-token-time=\"1776679391\"><noscript class=\"wpforms-error-noscript\">Por favor, activa JavaScript en tu navegador para completar este formulario.<\/noscript><div class=\"wpforms-hidden\" id=\"wpforms-error-noscript\">Por favor, activa JavaScript en tu navegador para completar este formulario.<\/div><div class=\"wpforms-field-container\"><div id=\"wpforms-1308-field_1-container\" class=\"wpforms-field wpforms-field-name\" data-field-id=\"1\"><label class=\"wpforms-field-label\" for=\"wpforms-1308-field_1\">Nombres <span class=\"wpforms-required-label\" aria-hidden=\"true\">*<\/span><\/label><input type=\"text\" id=\"wpforms-1308-field_1\" class=\"wpforms-field-large wpforms-field-required\" name=\"wpforms[fields][1]\" aria-errormessage=\"wpforms-1308-field_1-error\" required><\/div><div id=\"wpforms-1308-field_4-container\" class=\"wpforms-field wpforms-field-text\" data-field-id=\"4\"><label class=\"wpforms-field-label\" for=\"wpforms-1308-field_4\">Telefono de Contacto <\/label><input type=\"text\" id=\"wpforms-1308-field_4\" class=\"wpforms-field-large\" name=\"wpforms[fields][4]\" aria-errormessage=\"wpforms-1308-field_4-error\" ><\/div><div id=\"wpforms-1308-field_2-container\" class=\"wpforms-field wpforms-field-email\" data-field-id=\"2\"><label class=\"wpforms-field-label\" for=\"wpforms-1308-field_2\">Correo electr\u00f3nico <span class=\"wpforms-required-label\" aria-hidden=\"true\">*<\/span><\/label><input type=\"email\" id=\"wpforms-1308-field_2\" class=\"wpforms-field-large wpforms-field-required\" name=\"wpforms[fields][2]\" spellcheck=\"false\" aria-errormessage=\"wpforms-1308-field_2-error\" required><\/div><div id=\"wpforms-1308-field_3-container\" class=\"wpforms-field wpforms-field-textarea\" data-field-id=\"3\"><label class=\"wpforms-field-label\" for=\"wpforms-1308-field_3\">Comentario o mensaje<\/label><textarea id=\"wpforms-1308-field_3\" class=\"wpforms-field-medium\" name=\"wpforms[fields][3]\" aria-errormessage=\"wpforms-1308-field_3-error\" ><\/textarea><\/div><\/div><!-- .wpforms-field-container --><div class=\"wpforms-submit-container\" ><input type=\"hidden\" name=\"wpforms[id]\" value=\"1308\"><input type=\"hidden\" name=\"page_title\" value=\"\"><input type=\"hidden\" name=\"page_url\" value=\"https:\/\/francois.cl\/index.php?rest_route=\/wp\/v2\/pages\/1\"><button type=\"submit\" name=\"wpforms[submit]\" id=\"wpforms-submit-1308\" class=\"wpforms-submit\" data-alt-text=\"Enviando...\" data-submit-text=\"Enviar\" aria-live=\"assertive\" value=\"wpforms-submit\">Enviar<\/button><img loading=\"lazy\" decoding=\"async\" src=\"https:\/\/francois.cl\/wp-content\/plugins\/wpforms-lite\/assets\/images\/submit-spin.svg\" class=\"wpforms-submit-spinner\" style=\"display: none;\" width=\"26\" height=\"26\" alt=\"Cargando\"><\/div><\/form><\/div>  <!-- .wpforms-container --><\/div>\n<p><!--more--><br \/>\n<!-- {\"name\":\"Home\",\"type\":\"layout\",\"children\":[{\"type\":\"section\",\"props\":{\"image\":\"wp-content\\\/uploads\\\/2024\\\/10\\\/fondo3.png\",\"image_position\":\"center-center\",\"image_size\":\"cover\",\"padding\":\"xsmall\",\"padding_remove_bottom\":true,\"padding_remove_top\":true,\"style\":\"default\",\"title_breakpoint\":\"xl\",\"title_position\":\"top-left\",\"title_rotation\":\"left\",\"vertical_align\":\"middle\",\"width\":\"\"},\"children\":[{\"type\":\"row\",\"children\":[{\"type\":\"column\",\"props\":{\"image_position\":\"center-center\",\"position_sticky_breakpoint\":\"m\"},\"children\":[{\"type\":\"html\",\"props\":{\"content\":\"[metaslider id=\\\"1274\\\"]\"}}]}]}]},{\"type\":\"section\",\"props\":{\"id\":\"Yo\",\"image_position\":\"center-center\",\"overlap\":false,\"padding\":\"small\",\"padding_remove_bottom\":false,\"padding_remove_top\":false,\"preserve_color\":false,\"style\":\"primary\",\"title_breakpoint\":\"xl\",\"title_position\":\"top-left\",\"title_rotation\":\"left\",\"vertical_align\":\"middle\",\"width\":\"expand\"},\"children\":[{\"type\":\"row\",\"children\":[{\"type\":\"column\",\"props\":{\"image_position\":\"center-center\",\"position_sticky_breakpoint\":\"m\"},\"children\":[{\"type\":\"image\",\"props\":{\"image\":\"wp-content\\\/uploads\\\/2024\\\/10\\\/MarcaFrancoisweb2.png\",\"image_svg_color\":\"emphasis\",\"image_width\":\"400\",\"margin\":\"default\",\"text_align\":\"center\"}},{\"type\":\"headline\",\"props\":{\"animation\":\"parallax\",\"block_align\":\"center\",\"content\":\"\n\n<h4 class=\\\"p1\\\" style=\\\"text-align: center;\\\"><strong>En Fran\\u00e7ois, llevamos la esencia del sur de Chile a cada bocado. Combinamos tradici\\u00f3n e innovaci\\u00f3n para ofrecer pasteler\\u00eda \\u00fanica, con opciones cl\\u00e1sicas, sin az\\u00facar y veganas.<\\\/strong><\\\/h4>\\n\n\n<h4 class=\\\"p1\\\" style=\\\"text-align: center;\\\"><strong>Usamos ingredientes locales y t\\u00e9cnicas artesanales para crear sabores inigualables que solo encontrar\\u00e1s aqu\\u00ed. M\\u00e1s que una pasteler\\u00eda, somos un espacio donde la calidad y la pasi\\u00f3n se transforman en dulces inolvidables.<\\\/strong><\\\/h4>\\n\n\n<h4 class=\\\"p1\\\" style=\\\"text-align: center;\\\"><strong>Ven a conocernos y descubre el verdadero sabor del sur.<br \\\/><br \\\/><\\\/strong><\\\/h4>\",\"margin\":\"small\",\"parallax_target\":\"!.uk-section\",\"parallax_y\":\"0 35%,45vh 60%\",\"position\":\"relative\",\"position_z_index\":\"0\",\"text_align\":\"center\",\"title_element\":\"div\",\"title_style\":\"heading-medium\"}}]}]}],\"name\":\"Yo\"},{\"type\":\"section\",\"props\":{\"id\":\"Productos\",\"image_position\":\"center-center\",\"padding\":\"small\",\"style\":\"muted\",\"title_breakpoint\":\"xl\",\"title_position\":\"top-left\",\"title_rotation\":\"left\",\"vertical_align\":\"middle\",\"width\":\"\"},\"children\":[{\"type\":\"row\",\"children\":[{\"type\":\"column\",\"props\":{\"image_position\":\"center-center\",\"padding\":\"xsmall\",\"position_sticky_breakpoint\":\"m\",\"style\":\"card-primary\",\"vertical_align\":\"middle\"},\"children\":[{\"type\":\"headline\",\"props\":{\"content\":\"Nuestros Productos\",\"margin\":\"remove-vertical\",\"maxwidth\":\"2xlarge\",\"text_align\":\"center\",\"title_element\":\"div\",\"title_style\":\"heading-medium\"}}]}],\"props\":{\"width\":\"xsmall\"}},{\"type\":\"row\",\"children\":[{\"type\":\"column\",\"props\":{\"image_position\":\"center-center\",\"position_sticky_breakpoint\":\"m\",\"position_sticky_offset\":\"3\",\"vertical_align\":\"middle\"},\"children\":[{\"type\":\"panel-slider\",\"props\":{\"container_padding_remove\":true,\"content_column_breakpoint\":\"m\",\"icon_width\":80,\"image_align\":\"top\",\"image_grid_breakpoint\":\"m\",\"image_grid_width\":\"1-2\",\"image_svg_color\":\"emphasis\",\"image_width\":\"465\",\"link_style\":\"default\",\"link_text\":\"\",\"margin\":\"default\",\"meta_align\":\"above-title\",\"meta_color\":\"muted\",\"meta_element\":\"div\",\"meta_style\":\"h6\",\"nav\":\"\",\"nav_align\":\"left\",\"nav_breakpoint\":\"s\",\"panel_card_match\":true,\"panel_link\":true,\"show_content\":true,\"show_image\":true,\"show_link\":true,\"show_meta\":true,\"show_title\":true,\"slidenav\":\"top-right\",\"slidenav_breakpoint\":\"l\",\"slidenav_hover\":false,\"slidenav_large\":false,\"slidenav_margin\":\"large\",\"slidenav_outside_breakpoint\":\"xl\",\"slider_autoplay\":true,\"slider_autoplay_interval\":\"3\",\"slider_autoplay_pause\":false,\"slider_center\":false,\"slider_gap\":\"default\",\"slider_width\":\"fixed\",\"slider_width_default\":\"3-5\",\"slider_width_medium\":\"\",\"slider_width_small\":\"1-4\",\"title_align\":\"top\",\"title_element\":\"h3\",\"title_grid_breakpoint\":\"m\",\"title_grid_width\":\"1-2\",\"title_hover_style\":\"reset\",\"title_margin\":\"remove\"},\"children\":[{\"type\":\"panel-slider_item\",\"props\":{\"image\":\"wp-content\\\/uploads\\\/2025\\\/03\\\/pfran-97-scaled.jpg\",\"meta\":\"\",\"title\":\"\"}},{\"type\":\"panel-slider_item\",\"props\":{\"image\":\"wp-content\\\/uploads\\\/2025\\\/03\\\/pfran-6-scaled.jpg\",\"meta\":\"\",\"title\":\"\"}},{\"type\":\"panel-slider_item\",\"props\":{\"image\":\"wp-content\\\/uploads\\\/2025\\\/03\\\/pfran-79-scaled.jpg\",\"meta\":\"\",\"title\":\"\"}},{\"type\":\"panel-slider_item\",\"props\":{\"image\":\"wp-content\\\/uploads\\\/2025\\\/03\\\/pfran-179-scaled.jpg\"}},{\"type\":\"panel-slider_item\",\"props\":{\"image\":\"wp-content\\\/uploads\\\/2025\\\/03\\\/pfran-5-scaled.jpg\",\"meta\":\"\",\"title\":\"\"}},{\"type\":\"panel-slider_item\",\"props\":{\"image\":\"wp-content\\\/uploads\\\/2025\\\/03\\\/pfran-188-scaled.jpg\"}},{\"type\":\"panel-slider_item\",\"props\":{\"image\":\"wp-content\\\/uploads\\\/2025\\\/03\\\/pfran-23-scaled.jpg\",\"meta\":\"\",\"title\":\"\"}},{\"type\":\"panel-slider_item\",\"props\":{\"image\":\"wp-content\\\/uploads\\\/2025\\\/03\\\/pfran-103-scaled.jpg\"}},{\"type\":\"panel-slider_item\",\"props\":{\"image\":\"wp-content\\\/uploads\\\/2025\\\/03\\\/pfran-9-scaled.jpg\"}}]}]}],\"props\":{\"margin\":\"large\",\"padding_remove_horizontal\":false,\"width\":\"large\",\"width_expand\":\"right\"}}],\"name\":\"Productos\"},{\"type\":\"section\",\"props\":{\"id\":\"Tiendas\",\"image\":\"wp-content\\\/uploads\\\/2025\\\/02\\\/Ilustracion_Francois.png\",\"image_position\":\"center-center\",\"overlap\":false,\"padding\":\"large\",\"padding_remove_bottom\":false,\"padding_remove_top\":true,\"style\":\"primary\",\"title_breakpoint\":\"xl\",\"title_position\":\"top-left\",\"title_rotation\":\"left\",\"vertical_align\":\"middle\",\"width\":\"\"},\"children\":[{\"type\":\"row\",\"children\":[{\"type\":\"column\",\"props\":{\"image_position\":\"center-center\",\"padding\":\"xsmall\",\"position_sticky_breakpoint\":\"m\",\"style\":\"card-primary\",\"vertical_align\":\"middle\"},\"children\":[{\"type\":\"headline\",\"props\":{\"content\":\"Nuestras Tiendas\",\"margin\":\"remove-vertical\",\"text_align\":\"center\",\"title_element\":\"div\",\"title_style\":\"heading-medium\"}}]}]},{\"type\":\"row\",\"props\":{\"layout\":\"1-2,1-2\"},\"children\":[{\"type\":\"column\",\"props\":{\"image_position\":\"center-center\",\"padding\":\"none\",\"position_sticky_breakpoint\":\"m\",\"vertical_align\":\"middle\",\"width_medium\":\"1-2\"},\"children\":[{\"type\":\"panel\",\"props\":{\"animation\":\"none\",\"content_column_breakpoint\":\"m\",\"icon_width\":80,\"image\":\"wp-content\\\/uploads\\\/2025\\\/03\\\/pfran-169-scaled.jpg\",\"image_align\":\"bottom\",\"image_border\":\"pill\",\"image_grid_breakpoint\":\"m\",\"image_grid_width\":\"1-2\",\"image_svg_color\":\"emphasis\",\"image_transition\":\"scale-down\",\"image_transition_border\":true,\"image_width\":\"580\",\"link\":\"https:\\\/\\\/santiago.francois.cl\\\/\",\"link_style\":\"default\",\"link_text\":\"\",\"margin\":\"default\",\"meta_align\":\"below-title\",\"meta_element\":\"div\",\"meta_style\":\"text-meta\",\"panel_link\":true,\"panel_padding\":\"small\",\"parallax_easing\":\"0.6\",\"parallax_target\":\"!.uk-section\",\"position_z_index\":\"1\",\"text_align\":\"center\",\"title\":\"Santiago \",\"title_align\":\"top\",\"title_element\":\"h3\",\"title_grid_breakpoint\":\"m\",\"title_grid_width\":\"1-2\",\"title_hover_style\":\"reset\",\"title_link\":false,\"title_style\":\"heading-medium\"}}]},{\"type\":\"column\",\"props\":{\"image_position\":\"center-center\",\"position_sticky_breakpoint\":\"m\",\"vertical_align\":\"middle\",\"width_medium\":\"1-2\"},\"children\":[{\"type\":\"panel\",\"props\":{\"animation\":\"none\",\"content_column_breakpoint\":\"m\",\"icon_width\":80,\"image\":\"wp-content\\\/uploads\\\/2025\\\/03\\\/pfran-148-scaled.jpg\",\"image_align\":\"bottom\",\"image_border\":\"pill\",\"image_box_shadow\":\"small\",\"image_grid_breakpoint\":\"m\",\"image_grid_width\":\"1-2\",\"image_hover_box_shadow\":\"small\",\"image_svg_color\":\"emphasis\",\"image_transition\":\"scale-down\",\"image_transition_border\":true,\"image_width\":\"580\",\"link\":\"https:\\\/\\\/puertovaras.francois.cl\\\/\",\"link_style\":\"default\",\"link_text\":\"\",\"margin\":\"default\",\"meta_align\":\"below-title\",\"meta_element\":\"div\",\"meta_style\":\"text-meta\",\"panel_link\":true,\"parallax_easing\":\"0.5\",\"parallax_target\":\"!.uk-section\",\"position_top\":\"5vh\",\"position_z_index\":\"1\",\"text_align\":\"center\",\"title\":\"Puerto Varas\",\"title_align\":\"top\",\"title_element\":\"h3\",\"title_grid_breakpoint\":\"m\",\"title_grid_width\":\"1-2\",\"title_hover_style\":\"reset\",\"title_style\":\"heading-medium\"}}]}]}],\"name\":\"Tiendas\"},{\"type\":\"section\",\"props\":{\"image_position\":\"center-center\",\"image_size\":\"cover\",\"padding_remove_top\":true,\"style\":\"default\",\"title_breakpoint\":\"xl\",\"title_position\":\"top-left\",\"title_rotation\":\"left\",\"vertical_align\":\"\",\"width\":\"\"},\"children\":[{\"type\":\"row\",\"children\":[{\"type\":\"column\",\"props\":{\"image_position\":\"center-center\",\"position_sticky_breakpoint\":\"m\"},\"children\":[{\"type\":\"image\",\"props\":{\"animation\":\"parallax\",\"image\":\"wp-content\\\/uploads\\\/yootheme\\\/home-video.jpg\",\"image_svg_color\":\"emphasis\",\"image_width\":\"2560\",\"margin\":\"large\",\"parallax_end\":\"50vh + 50%\",\"parallax_scale\":\"40vw,100vw\"}},{\"type\":\"button\",\"props\":{\"animation\":\"parallax\",\"button_size\":\"large\",\"grid_column_gap\":\"small\",\"grid_row_gap\":\"small\",\"margin\":\"default\",\"parallax_target\":\"!.uk-section\",\"position\":\"absolute\",\"position_top\":\"calc(50% - 30px)\",\"text_align\":\"center\"},\"children\":[{\"type\":\"button_item\",\"props\":{\"button_style\":\"primary\",\"content\":\"Play Video\",\"icon_align\":\"left\",\"lightbox_width\":\"1200\",\"link\":\"wp-content\\\/uploads\\\/yootheme\\\/home-video.mp4\",\"link_target\":\"modal\"}}]}]}]}],\"name\":\"Video\"},{\"name\":\"Contacto\",\"type\":\"section\",\"props\":{\"id\":\"Contacto\",\"image_position\":\"center-center\",\"image_size\":\"cover\",\"padding\":\"small\",\"padding_remove_bottom\":false,\"style\":\"muted\",\"title_breakpoint\":\"xl\",\"title_position\":\"top-left\",\"title_rotation\":\"left\",\"vertical_align\":\"middle\",\"width\":\"small\"},\"children\":[{\"type\":\"row\",\"children\":[{\"type\":\"column\",\"props\":{\"image_position\":\"center-center\",\"position_sticky_breakpoint\":\"m\",\"vertical_align\":\"middle\"},\"children\":[{\"type\":\"headline\",\"props\":{\"animation\":\"none\",\"block_align\":\"center\",\"content\":\"Contactese con Nosotros\",\"margin\":\"remove-vertical\",\"maxwidth\":\"2xlarge\",\"text_align\":\"center\",\"title_element\":\"div\",\"title_style\":\"heading-medium\"}},{\"type\":\"html\",\"props\":{\"content\":\"[wpforms id=\\\"1308\\\" title=\\\"false\\\"]\"}}]}],\"props\":{\"column_gap\":\"collapse\"}}]}],\"version\":\"4.2.11\"} --><\/p>\n","protected":false},"excerpt":{"rendered":"<p>En Fran\u00e7ois, llevamos la esencia del sur de Chile a cada bocado. Combinamos tradici\u00f3n e innovaci\u00f3n para ofrecer pasteler\u00eda \u00fanica, con opciones cl\u00e1sicas, sin az\u00facar y veganas. Usamos ingredientes locales y t\u00e9cnicas artesanales para crear sabores inigualables que solo encontrar\u00e1s aqu\u00ed. M\u00e1s que una pasteler\u00eda, somos un espacio donde la calidad y la pasi\u00f3n se [&hellip;]<\/p>\n","protected":false},"author":1,"featured_media":0,"parent":0,"menu_order":2,"comment_status":"open","ping_status":"closed","template":"","meta":{"_acf_changed":false,"footnotes":""},"class_list":["post-1","page","type-page","status-publish","hentry"],"acf":[],"_links":{"self":[{"href":"https:\/\/francois.cl\/index.php?rest_route=\/wp\/v2\/pages\/1","targetHints":{"allow":["GET"]}}],"collection":[{"href":"https:\/\/francois.cl\/index.php?rest_route=\/wp\/v2\/pages"}],"about":[{"href":"https:\/\/francois.cl\/index.php?rest_route=\/wp\/v2\/types\/page"}],"author":[{"embeddable":true,"href":"https:\/\/francois.cl\/index.php?rest_route=\/wp\/v2\/users\/1"}],"replies":[{"embeddable":true,"href":"https:\/\/francois.cl\/index.php?rest_route=%2Fwp%2Fv2%2Fcomments&post=1"}],"version-history":[{"count":193,"href":"https:\/\/francois.cl\/index.php?rest_route=\/wp\/v2\/pages\/1\/revisions"}],"predecessor-version":[{"id":1421,"href":"https:\/\/francois.cl\/index.php?rest_route=\/wp\/v2\/pages\/1\/revisions\/1421"}],"wp:attachment":[{"href":"https:\/\/francois.cl\/index.php?rest_route=%2Fwp%2Fv2%2Fmedia&parent=1"}],"curies":[{"name":"wp","href":"https:\/\/api.w.org\/{rel}","templated":true}]}}